{"id":1327,"date":"2021-11-19T13:31:37","date_gmt":"2021-11-19T13:31:37","guid":{"rendered":"http:\/\/bertamartinez.org\/?page_id=1327"},"modified":"2023-12-12T14:17:07","modified_gmt":"2023-12-12T14:17:07","slug":"contactenos","status":"publish","type":"page","link":"https:\/\/bertamartinez.org\/desarrollo\/contactenos\/","title":{"rendered":"Cont\u00e1ctenos"},"content":{"rendered":"\t\t<div data-elementor-type=\"wp-page\" data-elementor-id=\"1327\" class=\"elementor elementor-1327\" data-elementor-post-type=\"page\">\n\t\t\t\t\t\t<section data-dce-background-color=\"#FFFFFF\" data-dce-background-image-url=\"https:\/\/bertamartinez.org\/wp-content\/uploads\/2021\/11\/banner-miga-de-pan.jpg\" class=\"elementor-section elementor-top-section elementor-element elementor-element-7f681798 elementor-section-stretched elementor-section-content-middle elementor-section-boxed elementor-section-height-default elementor-section-height-default\" data-id=\"7f681798\" data-element_type=\"section\" data-settings=\"{&quot;stretch_section&quot;:&quot;section-stretched&quot;,&quot;background_background&quot;:&quot;classic&quot;,&quot;jet_parallax_layout_list&quot;:[{&quot;jet_parallax_layout_image&quot;:{&quot;url&quot;:&quot;&quot;,&quot;id&quot;:&quot;&quot;,&quot;size&quot;:&quot;&quot;},&quot;_id&quot;:&quot;86c8379&quot;,&quot;jet_parallax_layout_image_tablet&quot;:{&quot;url&quot;:&quot;&quot;,&quot;id&quot;:&quot;&quot;,&quot;size&quot;:&quot;&quot;},&quot;jet_parallax_layout_image_mobile&quot;:{&quot;url&quot;:&quot;&quot;,&quot;id&quot;:&quot;&quot;,&quot;size&quot;:&quot;&quot;},&quot;jet_parallax_layout_speed&quot;:{&quot;unit&quot;:&quot;%&quot;,&quot;size&quot;:50,&quot;sizes&quot;:[]},&quot;jet_parallax_layout_type&quot;:&quot;scroll&quot;,&quot;jet_parallax_layout_direction&quot;:null,&quot;jet_parallax_layout_fx_direction&quot;:null,&quot;jet_parallax_layout_z_index&quot;:&quot;&quot;,&quot;jet_parallax_layout_bg_x&quot;:50,&quot;jet_parallax_layout_bg_x_tablet&quot;:&quot;&quot;,&quot;jet_parallax_layout_bg_x_mobile&quot;:&quot;&quot;,&quot;jet_parallax_layout_bg_y&quot;:50,&quot;jet_parallax_layout_bg_y_tablet&quot;:&quot;&quot;,&quot;jet_parallax_layout_bg_y_mobile&quot;:&quot;&quot;,&quot;jet_parallax_layout_bg_size&quot;:&quot;auto&quot;,&quot;jet_parallax_layout_bg_size_tablet&quot;:&quot;&quot;,&quot;jet_parallax_layout_bg_size_mobile&quot;:&quot;&quot;,&quot;jet_parallax_layout_animation_prop&quot;:&quot;transform&quot;,&quot;jet_parallax_layout_on&quot;:[&quot;desktop&quot;,&quot;tablet&quot;]}]}\">\n\t\t\t\t\t\t<div class=\"elementor-container elementor-column-gap-default\">\n\t\t\t\t\t<div class=\"elementor-column elementor-col-50 elementor-top-column elementor-element elementor-element-36f0fd8b\" data-id=\"36f0fd8b\" data-element_type=\"column\">\n\t\t\t<div class=\"elementor-widget-wrap elementor-element-populated\">\n\t\t\t\t\t\t<div class=\"elementor-element elementor-element-2d2add57 elementor-widget elementor-widget-heading\" data-id=\"2d2add57\" data-element_type=\"widget\" data-widget_type=\"heading.default\">\n\t\t\t\t<div class=\"elementor-widget-container\">\n\t\t\t\t\t<h2 class=\"elementor-heading-title elementor-size-default\">Cont\u00e1ctenos<\/h2>\t\t\t\t<\/div>\n\t\t\t\t<\/div>\n\t\t\t\t\t<\/div>\n\t\t<\/div>\n\t\t\t\t<div class=\"elementor-column elementor-col-50 elementor-top-column elementor-element elementor-element-609df161\" data-id=\"609df161\" data-element_type=\"column\">\n\t\t\t<div class=\"elementor-widget-wrap\">\n\t\t\t\t\t\t\t<\/div>\n\t\t<\/div>\n\t\t\t\t\t<\/div>\n\t\t<\/section>\n\t\t\t\t<section class=\"elementor-section elementor-top-section elementor-element elementor-element-ef7bf25 elementor-section-stretched elementor-section-boxed elementor-section-height-default elementor-section-height-default\" data-id=\"ef7bf25\" data-element_type=\"section\" data-settings=\"{&quot;stretch_section&quot;:&quot;section-stretched&quot;,&quot;jet_parallax_layout_list&quot;:[]}\">\n\t\t\t\t\t\t<div class=\"elementor-container elementor-column-gap-default\">\n\t\t\t\t\t<div class=\"elementor-column elementor-col-100 elementor-top-column elementor-element elementor-element-0677330\" data-id=\"0677330\" data-element_type=\"column\">\n\t\t\t<div class=\"elementor-widget-wrap elementor-element-populated\">\n\t\t\t\t\t\t<section class=\"elementor-section elementor-inner-section elementor-element elementor-element-a786cd1 elementor-section-boxed elementor-section-height-default elementor-section-height-default\" data-id=\"a786cd1\" data-element_type=\"section\" data-settings=\"{&quot;jet_parallax_layout_list&quot;:[]}\">\n\t\t\t\t\t\t<div class=\"elementor-container elementor-column-gap-default\">\n\t\t\t\t\t<div class=\"elementor-column elementor-col-33 elementor-inner-column elementor-element elementor-element-893ae9e\" data-id=\"893ae9e\" data-element_type=\"column\">\n\t\t\t<div class=\"elementor-widget-wrap elementor-element-populated\">\n\t\t\t\t\t\t<div class=\"elementor-element elementor-element-4cadf71 elementor-view-default elementor-position-top elementor-mobile-position-top elementor-widget elementor-widget-icon-box\" data-id=\"4cadf71\" data-element_type=\"widget\" data-widget_type=\"icon-box.default\">\n\t\t\t\t<div class=\"elementor-widget-container\">\n\t\t\t\t\t\t\t<div class=\"elementor-icon-box-wrapper\">\n\n\t\t\t\t\t\t<div class=\"elementor-icon-box-icon\">\n\t\t\t\t<span  class=\"elementor-icon elementor-animation-\">\n\t\t\t\t<svg xmlns=\"http:\/\/www.w3.org\/2000\/svg\" width=\"55.292\" height=\"55.106\" viewBox=\"0 0 55.292 55.106\"><g transform=\"translate(0)\"><path d=\"M-595.132,78.008a12.8,12.8,0,0,1-1.878-.751,4.853,4.853,0,0,1-2.536-4.359c-.028-6.908-.014-13.816-.01-20.724a1.721,1.721,0,0,1,1.743-1.8,1.735,1.735,0,0,1,1.707,1.841q.006,10.119,0,20.239c0,1.467.633,2.1,2.1,2.1h8.267v-.659q0-8.986,0-17.972a5.2,5.2,0,0,1,5.576-5.551q4.858,0,9.716,0a5.182,5.182,0,0,1,5.438,5.417q.006,9.04,0,18.08v.684h.847q3.779,0,7.557,0a1.755,1.755,0,0,0,1.961-1.967q0-14.491.009-28.982a.947.947,0,0,0-.39-.813q-9.5-7.9-18.993-15.816a1.794,1.794,0,0,0-2.7-.01Q-588.136,36.479-599.557,46a2.557,2.557,0,0,0-.247.209,1.831,1.831,0,0,1-3.21-.587v-.864a5.714,5.714,0,0,1,.772-1.007q11.677-9.757,23.379-19.485a5.167,5.167,0,0,1,7.03.033q4.314,3.589,8.625,7.183c.809.674,1.62,1.345,2.521,2.093,0-1.066-.006-2.011,0-2.957a1.733,1.733,0,0,1,1.709-1.837,1.74,1.74,0,0,1,1.743,1.859c.006,1.349.1,2.708-.027,4.045a3.035,3.035,0,0,0,1.392,2.959c2.539,1.977,4.975,4.086,7.441,6.157a1.711,1.711,0,0,1,.3,2.489,1.73,1.73,0,0,1-2.505.166l-.549-.432v2.752q0,11.954,0,23.907a5.191,5.191,0,0,1-3.613,5.082c-.269.087-.541.162-.812.242Zm12.849-3.494h13.821v-.52q0-9.093,0-18.187a1.77,1.77,0,0,0-2-1.982q-4.885,0-9.77,0c-1.4,0-2.05.641-2.05,2.038q0,9.039,0,18.079Z\" transform=\"translate(603.014 -22.902)\" fill=\"#0078e0\"><\/path><path d=\"M-431.835,298.97a1.738,1.738,0,0,1-1.726,1.712,1.739,1.739,0,0,1-1.725-1.768,1.731,1.731,0,0,1,1.753-1.683A1.739,1.739,0,0,1-431.835,298.97Z\" transform=\"translate(459.476 -257.669)\" fill=\"#0078e0\"><\/path><\/g><\/svg>\t\t\t\t<\/span>\n\t\t\t<\/div>\n\t\t\t\n\t\t\t\t\t\t<div class=\"elementor-icon-box-content\">\n\n\t\t\t\t\t\t\t\t\t<h3 class=\"elementor-icon-box-title\">\n\t\t\t\t\t\t<span  >\n\t\t\t\t\t\t\tDirecci\u00f3n de nuestra oficina\t\t\t\t\t\t<\/span>\n\t\t\t\t\t<\/h3>\n\t\t\t\t\n\t\t\t\t\t\t\t\t\t<p class=\"elementor-icon-box-description\">\n\t\t\t\t\t\tCarrera 74 # 39 B 15 interior 109 Edificio Consorcio Ejecutivo, Medell\u00edn, Antioquia \n\t\t\t\t\t<\/p>\n\t\t\t\t\n\t\t\t<\/div>\n\t\t\t\n\t\t<\/div>\n\t\t\t\t\t\t<\/div>\n\t\t\t\t<\/div>\n\t\t\t\t\t<\/div>\n\t\t<\/div>\n\t\t\t\t<div class=\"elementor-column elementor-col-33 elementor-inner-column elementor-element elementor-element-42aa1a3\" data-id=\"42aa1a3\" data-element_type=\"column\">\n\t\t\t<div class=\"elementor-widget-wrap elementor-element-populated\">\n\t\t\t\t\t\t<div class=\"elementor-element elementor-element-188d0db elementor-view-default elementor-position-top elementor-mobile-position-top elementor-widget elementor-widget-icon-box\" data-id=\"188d0db\" data-element_type=\"widget\" data-widget_type=\"icon-box.default\">\n\t\t\t\t<div class=\"elementor-widget-container\">\n\t\t\t\t\t\t\t<div class=\"elementor-icon-box-wrapper\">\n\n\t\t\t\t\t\t<div class=\"elementor-icon-box-icon\">\n\t\t\t\t<a href=\"tel:6043221719\" class=\"elementor-icon elementor-animation-\" tabindex=\"-1\">\n\t\t\t\t<svg xmlns=\"http:\/\/www.w3.org\/2000\/svg\" width=\"55.266\" height=\"48.578\" viewBox=\"0 0 55.266 48.578\"><g transform=\"translate(0)\"><path d=\"M-623.2,489.392c-.14.647-.249,1.3-.425,1.94a11.4,11.4,0,0,1-10.8,8.309c-1.852.022-3.7-.008-5.557.021a1.253,1.253,0,0,0-.783.328c-1.8,1.763-3.571,3.55-5.352,5.329-.115.114-.226.232-.347.339a1.563,1.563,0,0,1-1.8.313,1.556,1.556,0,0,1-.952-1.5c-.007-1.439,0-2.877,0-4.316,0-.2,0-.392-.1-.441a33.2,33.2,0,0,1-3.863-1.575,11.21,11.21,0,0,1-5.6-11.673,11.358,11.358,0,0,1,9.423-9.345,12.069,12.069,0,0,1,1.88-.133q6.366-.017,12.732,0a11.406,11.406,0,0,1,11.391,9.466c.05.263.1.525.156.787Zm-22.777,11.215c1.233-1.238,2.36-2.348,3.461-3.484a2.217,2.217,0,0,1,1.723-.723c2.014.024,4.028.019,6.042,0a9.084,9.084,0,0,0,1.661-.145,8.13,8.13,0,0,0,6.628-8.62,8.164,8.164,0,0,0-8.131-7.416q-6.528-.028-13.056,0a8.094,8.094,0,0,0-8.043,7.986,8.106,8.106,0,0,0,7.942,8.2,1.642,1.642,0,0,1,1.771,1.79C-645.972,498.945-645.976,499.695-645.976,500.606Z\" transform=\"translate(678.465 -476.974)\" fill=\"#0078e0\"><\/path><path d=\"M-753.084,561.839a29.077,29.077,0,0,1-.029,3.823,4.708,4.708,0,0,1-4.852,4.1,31.547,31.547,0,0,1-13.12-2.885A39.19,39.19,0,0,1-792.541,543.6a30.036,30.036,0,0,1-1.7-9.947,4.836,4.836,0,0,1,4.99-5.018c2.051-.008,4.1,0,6.153,0a1.647,1.647,0,0,1,1.78,1.265c1.053,3.133,2.094,6.269,3.147,9.4a1.806,1.806,0,0,1-.245,1.687c-.817,1.206-1.611,2.427-2.433,3.629a.6.6,0,0,0-.032.722,26.333,26.333,0,0,0,6.686,7.967c1.4,1.144,2.98,2.057,4.471,3.085a.589.589,0,0,0,.767-.049c1.173-.8,2.368-1.57,3.538-2.375a1.919,1.919,0,0,1,1.833-.252c3.078,1.044,6.164,2.065,9.246,3.1a1.67,1.67,0,0,1,1.33,1.84c0,1.062,0,2.123,0,3.185Zm-3.167.619c0-.809-.013-1.619.007-2.428a.492.492,0,0,0-.4-.577c-2.356-.768-4.7-1.568-7.058-2.331a.978.978,0,0,0-.726.1,24.545,24.545,0,0,0-2.865,1.918,3,3,0,0,1-3.789.226,32.527,32.527,0,0,1-8.5-6.732,26.019,26.019,0,0,1-4.653-6.771,2.1,2.1,0,0,1,.193-2.314c.814-1.14,1.576-2.319,2.328-3.5a.973.973,0,0,0,.1-.727c-.756-2.341-1.55-4.669-2.312-7.009a.558.558,0,0,0-.65-.452c-1.547.022-3.094,0-4.641.011a1.616,1.616,0,0,0-1.8,1.8,27.771,27.771,0,0,0,1.782,9.652,36.1,36.1,0,0,0,17.039,19.432,29.8,29.8,0,0,0,14.129,3.76,1.622,1.622,0,0,0,1.806-1.795C-756.248,563.969-756.251,563.213-756.251,562.458Z\" transform=\"translate(794.246 -521.18)\" fill=\"#0078e0\"><\/path><path d=\"M-588.167,546.011a1.636,1.636,0,0,1-1.618,1.6,1.636,1.636,0,0,1-1.616-1.659,1.637,1.637,0,0,1,1.645-1.576A1.634,1.634,0,0,1-588.167,546.011Z\" transform=\"translate(620.654 -534.659)\" fill=\"#0078e0\"><\/path><path d=\"M-543.255,546.012a1.636,1.636,0,0,1-1.619,1.6,1.636,1.636,0,0,1-1.615-1.66,1.637,1.637,0,0,1,1.646-1.575A1.634,1.634,0,0,1-543.255,546.012Z\" transform=\"translate(582.219 -534.658)\" fill=\"#0078e0\"><\/path><path d=\"M-498.34,545.979a1.636,1.636,0,0,1-1.584,1.637,1.636,1.636,0,0,1-1.65-1.625,1.635,1.635,0,0,1,1.611-1.61A1.635,1.635,0,0,1-498.34,545.979Z\" transform=\"translate(543.781 -534.66)\" fill=\"#0078e0\"><\/path><\/g><\/svg>\t\t\t\t<\/a>\n\t\t\t<\/div>\n\t\t\t\n\t\t\t\t\t\t<div class=\"elementor-icon-box-content\">\n\n\t\t\t\t\t\t\t\t\t<h3 class=\"elementor-icon-box-title\">\n\t\t\t\t\t\t<a href=\"tel:6043221719\" >\n\t\t\t\t\t\t\tL\u00ednea de atenci\u00f3n\t\t\t\t\t\t<\/a>\n\t\t\t\t\t<\/h3>\n\t\t\t\t\n\t\t\t\t\t\t\t\t\t<p class=\"elementor-icon-box-description\">\n\t\t\t\t\t\t<a href=\"tel:6043221719\">+57 (604) 322 17 19<\/a>\t\t\t\t\t<\/p>\n\t\t\t\t\n\t\t\t<\/div>\n\t\t\t\n\t\t<\/div>\n\t\t\t\t\t\t<\/div>\n\t\t\t\t<\/div>\n\t\t\t\t\t<\/div>\n\t\t<\/div>\n\t\t\t\t<div class=\"elementor-column elementor-col-33 elementor-inner-column elementor-element elementor-element-70ddc0c\" data-id=\"70ddc0c\" data-element_type=\"column\">\n\t\t\t<div class=\"elementor-widget-wrap elementor-element-populated\">\n\t\t\t\t\t\t<div class=\"elementor-element elementor-element-f9998e1 elementor-view-default elementor-position-top elementor-mobile-position-top elementor-widget elementor-widget-icon-box\" data-id=\"f9998e1\" data-element_type=\"widget\" data-widget_type=\"icon-box.default\">\n\t\t\t\t<div class=\"elementor-widget-container\">\n\t\t\t\t\t\t\t<div class=\"elementor-icon-box-wrapper\">\n\n\t\t\t\t\t\t<div class=\"elementor-icon-box-icon\">\n\t\t\t\t<a href=\"mailto:comunicaciones@bertamartinez.org\" class=\"elementor-icon elementor-animation-\" tabindex=\"-1\">\n\t\t\t\t<svg xmlns=\"http:\/\/www.w3.org\/2000\/svg\" width=\"55.106\" height=\"55.103\" viewBox=\"0 0 55.106 55.103\"><g transform=\"translate(0.001)\"><path d=\"M-1019.9,17.392V50.54l-1.183,1.184h-52.725a2.078,2.078,0,0,1-1.2-2.17q.036-15.658,0-31.315a2.386,2.386,0,0,1,1.063-2.134c2.8-2.035,5.563-4.115,8.349-6.165a.872.872,0,0,0,.4-.8c-.014-3.515-.009-7.031-.008-10.546,0-1.378.59-1.976,1.953-1.976h31.578c1.4,0,1.977.587,1.977,2,0,3.515.005,7.031-.008,10.546a.821.821,0,0,0,.382.752c2.771,2.041,5.528,4.1,8.3,6.141A2.826,2.826,0,0,1-1019.9,17.392ZM-1061.946-.13c-.014.111-.026.163-.026.215q0,11.889.012,23.778a.875.875,0,0,0,.332.592c2.23,1.687,4.474,3.354,6.714,5.027l3.16,2.36c1.023-.767,2.024-1.519,3.026-2.269a1.765,1.765,0,0,1,2.566.006q1.5,1.125,3.008,2.255c.162-.114.294-.2.422-.3q4.7-3.505,9.4-7a.916.916,0,0,0,.42-.839q-.018-11.62-.009-23.24V-.13Zm-6.54,48.582h42.074l-21.037-15.8Zm14.043-14.588-17.278-12.9V46.846Zm31.282-12.909-17.293,12.91,17.293,12.992Zm-42.068-7.276-5.447,4.04,5.447,4.063Zm41.009,4.038-5.444-4.034v8.1Z\" transform=\"translate(1075.009 3.379)\" fill=\"#0078e0\"><\/path><path d=\"M-942.886,68.092a11.409,11.409,0,0,1-11.287-13.269,11.329,11.329,0,0,1,16.514-8.175,10.911,10.911,0,0,1,6.079,9.992,4.573,4.573,0,0,1-2.8,4.461,4.613,4.613,0,0,1-4.96-.512.492.492,0,0,0-.7,0,4.812,4.812,0,0,1-6.26-.351,4.9,4.9,0,0,1-.755-6.156,4.934,4.934,0,0,1,5.127-2.146,4.878,4.878,0,0,1,3.783,4.055c.032.251.059.5.082.755a1.643,1.643,0,0,0,1.721,1.581,1.642,1.642,0,0,0,1.529-1.717,8.151,8.151,0,0,0-6.952-7.943,8.13,8.13,0,0,0-9.3,8.547,8.151,8.151,0,0,0,11.217,7c.2-.085.4-.173.6-.25a1.609,1.609,0,0,1,2.166.857,1.612,1.612,0,0,1-.878,2.118A11.554,11.554,0,0,1-942.886,68.092Zm-.051-9.767a1.638,1.638,0,0,0,1.611-1.636,1.638,1.638,0,0,0-1.636-1.611,1.638,1.638,0,0,0-1.611,1.636A1.638,1.638,0,0,0-942.937,58.325Z\" transform=\"translate(970.51 -38.688)\" fill=\"#0078e0\"><\/path><\/g><\/svg>\t\t\t\t<\/a>\n\t\t\t<\/div>\n\t\t\t\n\t\t\t\t\t\t<div class=\"elementor-icon-box-content\">\n\n\t\t\t\t\t\t\t\t\t<h3 class=\"elementor-icon-box-title\">\n\t\t\t\t\t\t<a href=\"mailto:comunicaciones@bertamartinez.org\" >\n\t\t\t\t\t\t\tCorreo Electr\u00f3nico\t\t\t\t\t\t<\/a>\n\t\t\t\t\t<\/h3>\n\t\t\t\t\n\t\t\t\t\t\t\t\t\t<p class=\"elementor-icon-box-description\">\n\t\t\t\t\t\t<a href=\"mailto:comunicaciones@bertamartinez.org\">comunicaciones@bertamartinez.org<\/a>\t\t\t\t\t<\/p>\n\t\t\t\t\n\t\t\t<\/div>\n\t\t\t\n\t\t<\/div>\n\t\t\t\t\t\t<\/div>\n\t\t\t\t<\/div>\n\t\t\t\t\t<\/div>\n\t\t<\/div>\n\t\t\t\t\t<\/div>\n\t\t<\/section>\n\t\t\t\t\t<\/div>\n\t\t<\/div>\n\t\t\t\t\t<\/div>\n\t\t<\/section>\n\t\t\t\t<section class=\"elementor-section elementor-top-section elementor-element elementor-element-731eea23 elementor-section-content-middle elementor-section-stretched elementor-reverse-mobile elementor-section-boxed elementor-section-height-default elementor-section-height-default\" data-id=\"731eea23\" data-element_type=\"section\" data-settings=\"{&quot;stretch_section&quot;:&quot;section-stretched&quot;,&quot;jet_parallax_layout_list&quot;:[{&quot;jet_parallax_layout_image&quot;:{&quot;url&quot;:&quot;&quot;,&quot;id&quot;:&quot;&quot;,&quot;size&quot;:&quot;&quot;},&quot;_id&quot;:&quot;9aa0b0c&quot;,&quot;jet_parallax_layout_image_tablet&quot;:{&quot;url&quot;:&quot;&quot;,&quot;id&quot;:&quot;&quot;,&quot;size&quot;:&quot;&quot;},&quot;jet_parallax_layout_image_mobile&quot;:{&quot;url&quot;:&quot;&quot;,&quot;id&quot;:&quot;&quot;,&quot;size&quot;:&quot;&quot;},&quot;jet_parallax_layout_speed&quot;:{&quot;unit&quot;:&quot;%&quot;,&quot;size&quot;:50,&quot;sizes&quot;:[]},&quot;jet_parallax_layout_type&quot;:&quot;scroll&quot;,&quot;jet_parallax_layout_direction&quot;:null,&quot;jet_parallax_layout_fx_direction&quot;:null,&quot;jet_parallax_layout_z_index&quot;:&quot;&quot;,&quot;jet_parallax_layout_bg_x&quot;:50,&quot;jet_parallax_layout_bg_x_tablet&quot;:&quot;&quot;,&quot;jet_parallax_layout_bg_x_mobile&quot;:&quot;&quot;,&quot;jet_parallax_layout_bg_y&quot;:50,&quot;jet_parallax_layout_bg_y_tablet&quot;:&quot;&quot;,&quot;jet_parallax_layout_bg_y_mobile&quot;:&quot;&quot;,&quot;jet_parallax_layout_bg_size&quot;:&quot;auto&quot;,&quot;jet_parallax_layout_bg_size_tablet&quot;:&quot;&quot;,&quot;jet_parallax_layout_bg_size_mobile&quot;:&quot;&quot;,&quot;jet_parallax_layout_animation_prop&quot;:&quot;transform&quot;,&quot;jet_parallax_layout_on&quot;:[&quot;desktop&quot;,&quot;tablet&quot;]}]}\">\n\t\t\t\t\t\t<div class=\"elementor-container elementor-column-gap-default\">\n\t\t\t\t\t<div class=\"elementor-column elementor-col-100 elementor-top-column elementor-element elementor-element-54ad0074\" data-id=\"54ad0074\" data-element_type=\"column\">\n\t\t\t<div class=\"elementor-widget-wrap elementor-element-populated\">\n\t\t\t\t\t\t<div class=\"elementor-element elementor-element-4d846f56 dce_masking-none elementor-widget elementor-widget-image\" data-id=\"4d846f56\" data-element_type=\"widget\" data-widget_type=\"image.default\">\n\t\t\t\t<div class=\"elementor-widget-container\">\n\t\t\t\t\t\t\t\t\t\t\t\t\t\t\t<img fetchpriority=\"high\" decoding=\"async\" width=\"891\" height=\"618\" src=\"https:\/\/bertamartinez.org\/desarrollo\/wp-content\/uploads\/2022\/03\/imagen-contacto.jpg\" class=\"attachment-full size-full wp-image-3212\" alt=\"\" srcset=\"https:\/\/bertamartinez.org\/desarrollo\/wp-content\/uploads\/2022\/03\/imagen-contacto.jpg 891w, https:\/\/bertamartinez.org\/desarrollo\/wp-content\/uploads\/2022\/03\/imagen-contacto-300x208.jpg 300w, https:\/\/bertamartinez.org\/desarrollo\/wp-content\/uploads\/2022\/03\/imagen-contacto-768x533.jpg 768w\" sizes=\"(max-width: 891px) 100vw, 891px\" \/>\t\t\t\t\t\t\t\t\t\t\t\t\t\t\t<\/div>\n\t\t\t\t<\/div>\n\t\t\t\t\t<\/div>\n\t\t<\/div>\n\t\t\t\t\t<\/div>\n\t\t<\/section>\n\t\t\t\t<\/div>\n\t\t","protected":false},"excerpt":{"rendered":"<p>Cont\u00e1ctenos Direcci\u00f3n de nuestra oficina Carrera 74 # 39 B 15 interior 109 Edificio Consorcio Ejecutivo, Medell\u00edn, Antioquia L\u00ednea de atenci\u00f3n +57 (604) 322 17 19 Correo Electr\u00f3nico comunicaciones@bertamartinez.org<\/p>\n","protected":false},"author":8,"featured_media":0,"parent":0,"menu_order":0,"comment_status":"closed","ping_status":"closed","template":"","meta":{"_acf_changed":false,"_monsterinsights_skip_tracking":false,"_monsterinsights_sitenote_active":false,"_monsterinsights_sitenote_note":"","_monsterinsights_sitenote_category":0,"footnotes":""},"class_list":["post-1327","page","type-page","status-publish","hentry"],"acf":[],"aioseo_notices":[],"_links":{"self":[{"href":"https:\/\/bertamartinez.org\/desarrollo\/wp-json\/wp\/v2\/pages\/1327","targetHints":{"allow":["GET"]}}],"collection":[{"href":"https:\/\/bertamartinez.org\/desarrollo\/wp-json\/wp\/v2\/pages"}],"about":[{"href":"https:\/\/bertamartinez.org\/desarrollo\/wp-json\/wp\/v2\/types\/page"}],"author":[{"embeddable":true,"href":"https:\/\/bertamartinez.org\/desarrollo\/wp-json\/wp\/v2\/users\/8"}],"replies":[{"embeddable":true,"href":"https:\/\/bertamartinez.org\/desarrollo\/wp-json\/wp\/v2\/comments?post=1327"}],"version-history":[{"count":159,"href":"https:\/\/bertamartinez.org\/desarrollo\/wp-json\/wp\/v2\/pages\/1327\/revisions"}],"predecessor-version":[{"id":4649,"href":"https:\/\/bertamartinez.org\/desarrollo\/wp-json\/wp\/v2\/pages\/1327\/revisions\/4649"}],"wp:attachment":[{"href":"https:\/\/bertamartinez.org\/desarrollo\/wp-json\/wp\/v2\/media?parent=1327"}],"curies":[{"name":"wp","href":"https:\/\/api.w.org\/{rel}","templated":true}]}}