{"id":3299,"date":"2022-03-09T19:25:45","date_gmt":"2022-03-09T19:25:45","guid":{"rendered":"http:\/\/bertamartinez.org\/?page_id=3299"},"modified":"2024-09-27T15:44:49","modified_gmt":"2024-09-27T15:44:49","slug":"gestion-social","status":"publish","type":"page","link":"https:\/\/bertamartinez.org\/desarrollo\/gestion-social\/","title":{"rendered":"Gesti\u00f3n Social"},"content":{"rendered":"\t\t<div data-elementor-type=\"wp-page\" data-elementor-id=\"3299\" class=\"elementor elementor-3299\" data-elementor-post-type=\"page\">\n\t\t\t\t\t\t<section data-dce-background-color=\"#FFFFFF\" data-dce-background-image-url=\"https:\/\/bertamartinez.org\/wp-content\/uploads\/2021\/11\/banner-miga-de-pan.jpg\" class=\"elementor-section elementor-top-section elementor-element elementor-element-2ec0ac6f elementor-section-stretched elementor-section-content-middle elementor-section-boxed elementor-section-height-default elementor-section-height-default\" data-id=\"2ec0ac6f\" data-element_type=\"section\" data-settings=\"{&quot;stretch_section&quot;:&quot;section-stretched&quot;,&quot;background_background&quot;:&quot;classic&quot;,&quot;jet_parallax_layout_list&quot;:[{&quot;jet_parallax_layout_image&quot;:{&quot;url&quot;:&quot;&quot;,&quot;id&quot;:&quot;&quot;,&quot;size&quot;:&quot;&quot;},&quot;_id&quot;:&quot;86c8379&quot;,&quot;jet_parallax_layout_image_tablet&quot;:{&quot;url&quot;:&quot;&quot;,&quot;id&quot;:&quot;&quot;,&quot;size&quot;:&quot;&quot;},&quot;jet_parallax_layout_image_mobile&quot;:{&quot;url&quot;:&quot;&quot;,&quot;id&quot;:&quot;&quot;,&quot;size&quot;:&quot;&quot;},&quot;jet_parallax_layout_speed&quot;:{&quot;unit&quot;:&quot;%&quot;,&quot;size&quot;:50,&quot;sizes&quot;:[]},&quot;jet_parallax_layout_type&quot;:&quot;scroll&quot;,&quot;jet_parallax_layout_direction&quot;:null,&quot;jet_parallax_layout_fx_direction&quot;:null,&quot;jet_parallax_layout_z_index&quot;:&quot;&quot;,&quot;jet_parallax_layout_bg_x&quot;:50,&quot;jet_parallax_layout_bg_x_tablet&quot;:&quot;&quot;,&quot;jet_parallax_layout_bg_x_mobile&quot;:&quot;&quot;,&quot;jet_parallax_layout_bg_y&quot;:50,&quot;jet_parallax_layout_bg_y_tablet&quot;:&quot;&quot;,&quot;jet_parallax_layout_bg_y_mobile&quot;:&quot;&quot;,&quot;jet_parallax_layout_bg_size&quot;:&quot;auto&quot;,&quot;jet_parallax_layout_bg_size_tablet&quot;:&quot;&quot;,&quot;jet_parallax_layout_bg_size_mobile&quot;:&quot;&quot;,&quot;jet_parallax_layout_animation_prop&quot;:&quot;transform&quot;,&quot;jet_parallax_layout_on&quot;:[&quot;desktop&quot;,&quot;tablet&quot;]}]}\">\n\t\t\t\t\t\t<div class=\"elementor-container elementor-column-gap-default\">\n\t\t\t\t\t<div class=\"elementor-column elementor-col-50 elementor-top-column elementor-element elementor-element-3fa89c33\" data-id=\"3fa89c33\" data-element_type=\"column\">\n\t\t\t<div class=\"elementor-widget-wrap elementor-element-populated\">\n\t\t\t\t\t\t<div class=\"elementor-element elementor-element-15900bfc elementor-widget elementor-widget-heading\" data-id=\"15900bfc\" data-element_type=\"widget\" data-widget_type=\"heading.default\">\n\t\t\t\t<div class=\"elementor-widget-container\">\n\t\t\t\t\t<h2 class=\"elementor-heading-title elementor-size-default\">Gesti\u00f3n Social<\/h2>\t\t\t\t<\/div>\n\t\t\t\t<\/div>\n\t\t\t\t\t<\/div>\n\t\t<\/div>\n\t\t\t\t<div class=\"elementor-column elementor-col-50 elementor-top-column elementor-element elementor-element-7cca450d\" data-id=\"7cca450d\" data-element_type=\"column\">\n\t\t\t<div class=\"elementor-widget-wrap\">\n\t\t\t\t\t\t\t<\/div>\n\t\t<\/div>\n\t\t\t\t\t<\/div>\n\t\t<\/section>\n\t\t\t\t<section data-dce-background-color=\"#F1F1F1\" class=\"elementor-section elementor-top-section elementor-element elementor-element-64c832d elementor-section-content-middle elementor-section-stretched elementor-section-boxed elementor-section-height-default elementor-section-height-default\" data-id=\"64c832d\" data-element_type=\"section\" data-settings=\"{&quot;stretch_section&quot;:&quot;section-stretched&quot;,&quot;background_background&quot;:&quot;classic&quot;,&quot;jet_parallax_layout_list&quot;:[{&quot;jet_parallax_layout_image&quot;:{&quot;url&quot;:&quot;&quot;,&quot;id&quot;:&quot;&quot;,&quot;size&quot;:&quot;&quot;},&quot;_id&quot;:&quot;a32fb07&quot;,&quot;jet_parallax_layout_image_tablet&quot;:{&quot;url&quot;:&quot;&quot;,&quot;id&quot;:&quot;&quot;,&quot;size&quot;:&quot;&quot;},&quot;jet_parallax_layout_image_mobile&quot;:{&quot;url&quot;:&quot;&quot;,&quot;id&quot;:&quot;&quot;,&quot;size&quot;:&quot;&quot;},&quot;jet_parallax_layout_speed&quot;:{&quot;unit&quot;:&quot;%&quot;,&quot;size&quot;:50,&quot;sizes&quot;:[]},&quot;jet_parallax_layout_type&quot;:&quot;scroll&quot;,&quot;jet_parallax_layout_direction&quot;:null,&quot;jet_parallax_layout_fx_direction&quot;:null,&quot;jet_parallax_layout_z_index&quot;:&quot;&quot;,&quot;jet_parallax_layout_bg_x&quot;:50,&quot;jet_parallax_layout_bg_x_tablet&quot;:&quot;&quot;,&quot;jet_parallax_layout_bg_x_mobile&quot;:&quot;&quot;,&quot;jet_parallax_layout_bg_y&quot;:50,&quot;jet_parallax_layout_bg_y_tablet&quot;:&quot;&quot;,&quot;jet_parallax_layout_bg_y_mobile&quot;:&quot;&quot;,&quot;jet_parallax_layout_bg_size&quot;:&quot;auto&quot;,&quot;jet_parallax_layout_bg_size_tablet&quot;:&quot;&quot;,&quot;jet_parallax_layout_bg_size_mobile&quot;:&quot;&quot;,&quot;jet_parallax_layout_animation_prop&quot;:&quot;transform&quot;,&quot;jet_parallax_layout_on&quot;:[&quot;desktop&quot;,&quot;tablet&quot;]}]}\">\n\t\t\t\t\t\t<div class=\"elementor-container elementor-column-gap-default\">\n\t\t\t\t\t<div class=\"elementor-column elementor-col-50 elementor-top-column elementor-element elementor-element-78abdf3\" data-id=\"78abdf3\" data-element_type=\"column\">\n\t\t\t<div class=\"elementor-widget-wrap elementor-element-populated\">\n\t\t\t\t\t\t<div class=\"elementor-element elementor-element-c886c4a dce_masking-none elementor-widget elementor-widget-image\" data-id=\"c886c4a\" data-element_type=\"widget\" data-widget_type=\"image.default\">\n\t\t\t\t<div class=\"elementor-widget-container\">\n\t\t\t\t\t\t\t\t\t\t\t\t\t\t\t<img fetchpriority=\"high\" decoding=\"async\" width=\"1200\" height=\"1600\" src=\"https:\/\/bertamartinez.org\/desarrollo\/wp-content\/uploads\/2024\/03\/1.Portada_Mas-vivienda_Hogares-Saludables-4-3.jpg\" class=\"attachment-full size-full wp-image-4667\" alt=\"\" srcset=\"https:\/\/bertamartinez.org\/desarrollo\/wp-content\/uploads\/2024\/03\/1.Portada_Mas-vivienda_Hogares-Saludables-4-3.jpg 1200w, https:\/\/bertamartinez.org\/desarrollo\/wp-content\/uploads\/2024\/03\/1.Portada_Mas-vivienda_Hogares-Saludables-4-3-225x300.jpg 225w, https:\/\/bertamartinez.org\/desarrollo\/wp-content\/uploads\/2024\/03\/1.Portada_Mas-vivienda_Hogares-Saludables-4-3-768x1024.jpg 768w, https:\/\/bertamartinez.org\/desarrollo\/wp-content\/uploads\/2024\/03\/1.Portada_Mas-vivienda_Hogares-Saludables-4-3-1152x1536.jpg 1152w\" sizes=\"(max-width: 1200px) 100vw, 1200px\" \/>\t\t\t\t\t\t\t\t\t\t\t\t\t\t\t<\/div>\n\t\t\t\t<\/div>\n\t\t\t\t\t<\/div>\n\t\t<\/div>\n\t\t\t\t<div class=\"elementor-column elementor-col-50 elementor-top-column elementor-element elementor-element-f50f0eb\" data-id=\"f50f0eb\" data-element_type=\"column\">\n\t\t\t<div class=\"elementor-widget-wrap elementor-element-populated\">\n\t\t\t\t\t\t<div data-dce-advanced-background-color=\"#0078E0\" class=\"elementor-element elementor-element-d0e6ace elementor-widget__width-auto elementor-widget elementor-widget-heading\" data-id=\"d0e6ace\" data-element_type=\"widget\" data-widget_type=\"heading.default\">\n\t\t\t\t<div class=\"elementor-widget-container\">\n\t\t\t\t\t<h2 class=\"elementor-heading-title elementor-size-default\">Informes Sociales<\/h2>\t\t\t\t<\/div>\n\t\t\t\t<\/div>\n\t\t\t\t<div class=\"elementor-element elementor-element-7cb722c elementor-widget elementor-widget-text-editor\" data-id=\"7cb722c\" data-element_type=\"widget\" data-widget_type=\"text-editor.default\">\n\t\t\t\t<div class=\"elementor-widget-container\">\n\t\t\t\t\t\t\t\t\t<p>En la Fundaci\u00f3n Berta Mart\u00ednez trabajamos para impactar el h\u00e1bitat como el lugar donde se aloja la vida.<\/p><p>Conoce los resultados de nuestra gesti\u00f3n durante el 2023:<\/p>\t\t\t\t\t\t\t\t<\/div>\n\t\t\t\t<\/div>\n\t\t\t\t<div class=\"elementor-element elementor-element-de993dc elementor-widget elementor-widget-bdt-tabs\" data-id=\"de993dc\" data-element_type=\"widget\" data-widget_type=\"bdt-tabs.default\">\n\t\t\t\t<div class=\"elementor-widget-container\">\n\t\t\t\t\t\r\n\r\n        <div class=\"bdt-tabs-area\">\r\n\r\n            <div id=\"bdt-tabs-de993dc\" class=\"bdt-tabs  bdt-tabs-default\" data-settings=\"{&quot;id&quot;:&quot;bdt-tabs-de993dc&quot;,&quot;activeHash&quot;:&quot;no&quot;,&quot;hashTopOffset&quot;:70,&quot;hashScrollspyTime&quot;:1500,&quot;navStickyOffset&quot;:1,&quot;linkWidgetId&quot;:&quot;de993dc&quot;}\">\r\n                \r\n                \r\n                        <div >\r\n            <div >\r\n                <div class=\"bdt-tab bdt-tab-default \" data-bdt-tab=\"connect: #bdt-tab-content-de993dc;\" data-bdt-height-match=\"target: &gt; .bdt-tabs-item &gt; .bdt-tabs-item-title; row: false;\">\r\n                                            <div class=\"bdt-tabs-item\">\r\n                            <a data-title=\"ver-informe-2023\" class=\"bdt-tabs-item-title\" id=\"bdt-tab-ver-informe-2023\" data-tab-index=\"0\" href=\"#\">\r\n                                <div class=\"bdt-tab-text-wrapper bdt-flex-column\">\r\n\r\n                                    <div class=\"bdt-tab-title-icon-wrapper\">\r\n\r\n                                        \r\n                                                                                    <span class=\"bdt-tab-text\">\r\n                                                Ver informe 2023                                            <\/span>\r\n                                        \r\n                                        \r\n                                    <\/div>\r\n\r\n                                    \r\n                                <\/div>\r\n                            <\/a>\r\n                        <\/div>\r\n                                            <div class=\"bdt-tabs-item\">\r\n                            <a data-title=\"informes-a-os-anteriores\" class=\"bdt-tabs-item-title\" id=\"bdt-tab-informes-aos-anteriores\" data-tab-index=\"1\" href=\"#\">\r\n                                <div class=\"bdt-tab-text-wrapper bdt-flex-column\">\r\n\r\n                                    <div class=\"bdt-tab-title-icon-wrapper\">\r\n\r\n                                        \r\n                                                                                    <span class=\"bdt-tab-text\">\r\n                                                Informes a\u00f1os anteriores                                            <\/span>\r\n                                        \r\n                                        \r\n                                    <\/div>\r\n\r\n                                    \r\n                                <\/div>\r\n                            <\/a>\r\n                        <\/div>\r\n                                    <\/div>\r\n            <\/div>\r\n        <\/div>\r\n\r\n\r\n                                    \r\n        <div class=\"bdt-switcher-wrapper\">\r\n            <div id=\"bdt-tab-content-de993dc\" class=\"bdt-switcher bdt-switcher-item-content\">\r\n                                                        <div class=\"\" data-content-id=\"ver-informe-2023\">\r\n                        <div>\r\n                            <p><a href=\"https:\/\/bertamartinez.org\/wp-content\/uploads\/2024\/03\/FBM_Informe-Gestion-2023.pdf\" target=\"_blank\" rel=\"noopener\"><span style=\"text-decoration: underline;\">Informe 2023<\/span><\/a><\/p>                        <\/div>\r\n                    <\/div>\r\n                                                        <div class=\"\" data-content-id=\"informes-a-os-anteriores\">\r\n                        <div>\r\n                            <p><a href=\"https:\/\/bertamartinez.org\/wp-content\/uploads\/2024\/09\/Informe-de-Gestion-2022-Fundacion-Berta-Martinez.pdf\">Informe 2022<\/a><\/p><p><a href=\"https:\/\/bertamartinez.org\/wp-content\/uploads\/2024\/09\/Informe-de-Gestion-2021-Fundacion-Berta-Martinez.pdf\" target=\"_blank\" rel=\"noopener\">Informe 2021<\/a><\/p><p><a href=\"https:\/\/bertamartinez.org\/wp-content\/uploads\/2022\/03\/Ver-informe-2020.pdf\" target=\"_blank\" rel=\"noopener\"><span style=\"text-decoration: underline;\">Informe 2020<\/span><\/a><\/p>                        <\/div>\r\n                    <\/div>\r\n                            <\/div>\r\n        <\/div>\r\n                    \r\n                                <a href=\"#\" id=\"bottom-anchor-de993dc\" data-bdt-hidden><\/a>\r\n            <\/div>\r\n        <\/div>\r\n    \t\t\t\t<\/div>\n\t\t\t\t<\/div>\n\t\t\t\t\t<\/div>\n\t\t<\/div>\n\t\t\t\t\t<\/div>\n\t\t<\/section>\n\t\t\t\t<section class=\"elementor-section elementor-top-section elementor-element elementor-element-48d43551 elementor-section-stretched elementor-section-content-middle elementor-section-boxed elementor-section-height-default elementor-section-height-default\" data-id=\"48d43551\" data-element_type=\"section\" data-settings=\"{&quot;stretch_section&quot;:&quot;section-stretched&quot;,&quot;jet_parallax_layout_list&quot;:[{&quot;_id&quot;:&quot;c4ee230&quot;,&quot;jet_parallax_layout_image&quot;:{&quot;url&quot;:&quot;&quot;,&quot;id&quot;:&quot;&quot;,&quot;size&quot;:&quot;&quot;},&quot;jet_parallax_layout_image_tablet&quot;:{&quot;url&quot;:&quot;&quot;,&quot;id&quot;:&quot;&quot;,&quot;size&quot;:&quot;&quot;},&quot;jet_parallax_layout_image_mobile&quot;:{&quot;url&quot;:&quot;&quot;,&quot;id&quot;:&quot;&quot;,&quot;size&quot;:&quot;&quot;},&quot;jet_parallax_layout_speed&quot;:{&quot;unit&quot;:&quot;%&quot;,&quot;size&quot;:50,&quot;sizes&quot;:[]},&quot;jet_parallax_layout_type&quot;:&quot;scroll&quot;,&quot;jet_parallax_layout_direction&quot;:null,&quot;jet_parallax_layout_fx_direction&quot;:null,&quot;jet_parallax_layout_z_index&quot;:&quot;&quot;,&quot;jet_parallax_layout_bg_x&quot;:50,&quot;jet_parallax_layout_bg_x_tablet&quot;:&quot;&quot;,&quot;jet_parallax_layout_bg_x_mobile&quot;:&quot;&quot;,&quot;jet_parallax_layout_bg_y&quot;:50,&quot;jet_parallax_layout_bg_y_tablet&quot;:&quot;&quot;,&quot;jet_parallax_layout_bg_y_mobile&quot;:&quot;&quot;,&quot;jet_parallax_layout_bg_size&quot;:&quot;auto&quot;,&quot;jet_parallax_layout_bg_size_tablet&quot;:&quot;&quot;,&quot;jet_parallax_layout_bg_size_mobile&quot;:&quot;&quot;,&quot;jet_parallax_layout_animation_prop&quot;:&quot;transform&quot;,&quot;jet_parallax_layout_on&quot;:[&quot;desktop&quot;,&quot;tablet&quot;]}]}\">\n\t\t\t\t\t\t<div class=\"elementor-container elementor-column-gap-default\">\n\t\t\t\t\t<div class=\"elementor-column elementor-col-33 elementor-top-column elementor-element elementor-element-ebb8e46\" data-id=\"ebb8e46\" data-element_type=\"column\">\n\t\t\t<div class=\"elementor-widget-wrap\">\n\t\t\t\t\t\t\t<\/div>\n\t\t<\/div>\n\t\t\t\t<div class=\"elementor-column elementor-col-33 elementor-top-column elementor-element elementor-element-5dd46620\" data-id=\"5dd46620\" data-element_type=\"column\">\n\t\t\t<div class=\"elementor-widget-wrap elementor-element-populated\">\n\t\t\t\t\t\t<div class=\"elementor-element elementor-element-472c111 elementor-widget elementor-widget-heading\" data-id=\"472c111\" data-element_type=\"widget\" data-widget_type=\"heading.default\">\n\t\t\t\t<div class=\"elementor-widget-container\">\n\t\t\t\t\t<h2 class=\"elementor-heading-title elementor-size-default\">Cumplimiento legal<\/h2>\t\t\t\t<\/div>\n\t\t\t\t<\/div>\n\t\t\t\t<div class=\"elementor-element elementor-element-c8d5e61 elementor-widget elementor-widget-heading\" data-id=\"c8d5e61\" data-element_type=\"widget\" data-widget_type=\"heading.default\">\n\t\t\t\t<div class=\"elementor-widget-container\">\n\t\t\t\t\t<h2 class=\"elementor-heading-title elementor-size-default\">Descarga aqu\u00ed toda la documentaci\u00f3n legal y tributaria.<\/h2>\t\t\t\t<\/div>\n\t\t\t\t<\/div>\n\t\t\t\t<div class=\"elementor-element elementor-element-20877710 elementor-widget elementor-widget-bdt-accordion\" data-id=\"20877710\" data-element_type=\"widget\" data-widget_type=\"bdt-accordion.default\">\n\t\t\t\t<div class=\"elementor-widget-container\">\n\t\t\t\t\t        <div class=\"bdt-accordion-container\">\r\n            <div id=\"bdt-accordion-20877710\" class=\"bdt-accordion\" data-bdt-accordion=\"{&quot;collapsible&quot;:true,&quot;multiple&quot;:false,&quot;transition&quot;:&quot;ease-in-out&quot;}\" data-settings=\"{&quot;id&quot;:&quot;bdt-accordion-20877710&quot;,&quot;activeHash&quot;:&quot;no&quot;,&quot;activeScrollspy&quot;:null,&quot;hashTopOffset&quot;:false,&quot;hashScrollspyTime&quot;:false}\">\r\n                                    <div class=\"bdt-accordion-item\">\r\n                        <div class=\"bdt-accordion-title bdt-flex bdt-flex-middle bdt-flex-between\" id=\"bdt-accordion-solicitud-rgimen-tributario-especial\" data-accordion-index=\"0\" data-title=\"solicitud-r-gimen-tributario-especial\" role=\"heading\">\r\n\r\n                                                            <span class=\"bdt-accordion-icon bdt-flex-align-right\" aria-hidden=\"true\">\r\n\r\n                                                                            <span class=\"bdt-accordion-icon-closed\">\r\n                                            <svg xmlns=\"http:\/\/www.w3.org\/2000\/svg\" width=\"48\" height=\"48\" viewBox=\"0 0 48 48\"><circle cx=\"24\" cy=\"24\" r=\"24\" fill=\"#00a3e0\"><\/circle><path d=\"M1686,404l10.4,10.4,10.4-10.4\" transform=\"translate(-1672.4 -383.2)\" fill=\"none\" stroke=\"#fff\" stroke-linecap=\"round\" stroke-width=\"6\"><\/path><\/svg>                                        <\/span>\r\n                                    \r\n                                                                            <span class=\"bdt-accordion-icon-opened\">\r\n                                            <svg xmlns=\"http:\/\/www.w3.org\/2000\/svg\" width=\"48\" height=\"48\" viewBox=\"0 0 48 48\"><g transform=\"translate(-1490 -1714)\"><circle cx=\"24\" cy=\"24\" r=\"24\" transform=\"translate(1490 1714)\" fill=\"#00a3e0\"><\/circle><path d=\"M1686,414.4l10.4-10.4,10.4,10.4\" transform=\"translate(-182.4 1326.8)\" fill=\"none\" stroke=\"#fff\" stroke-linecap=\"round\" stroke-width=\"6\"><\/path><\/g><\/svg>                                        <\/span>\r\n                                    \r\n                                <\/span>\r\n                            \r\n                            <span class=\"bdt-title bdt-flex bdt-flex-middle\">\r\n\r\n                                                                Solicitud R\u00e9gimen Tributario Especial                            <\/span>\r\n\r\n                        <\/div>\r\n                        <div class=\"bdt-accordion-content\">\r\n                            <p><a href=\"https:\/\/bertamartinez.org\/wp-content\/uploads\/2024\/06\/Regimen-Tributario-Especial-Fundacion-Berta-Martinez.pdf\">R\u00e9gimen Tributario Especial<\/a><\/p>                        <\/div>\r\n                    <\/div>\r\n                                    <div class=\"bdt-accordion-item\">\r\n                        <div class=\"bdt-accordion-title bdt-flex bdt-flex-middle bdt-flex-between\" id=\"bdt-accordion-certificados-y-anexos\" data-accordion-index=\"1\" data-title=\"certificados-y-anexos\" role=\"heading\">\r\n\r\n                                                            <span class=\"bdt-accordion-icon bdt-flex-align-right\" aria-hidden=\"true\">\r\n\r\n                                                                            <span class=\"bdt-accordion-icon-closed\">\r\n                                            <svg xmlns=\"http:\/\/www.w3.org\/2000\/svg\" width=\"48\" height=\"48\" viewBox=\"0 0 48 48\"><circle cx=\"24\" cy=\"24\" r=\"24\" fill=\"#00a3e0\"><\/circle><path d=\"M1686,404l10.4,10.4,10.4-10.4\" transform=\"translate(-1672.4 -383.2)\" fill=\"none\" stroke=\"#fff\" stroke-linecap=\"round\" stroke-width=\"6\"><\/path><\/svg>                                        <\/span>\r\n                                    \r\n                                                                            <span class=\"bdt-accordion-icon-opened\">\r\n                                            <svg xmlns=\"http:\/\/www.w3.org\/2000\/svg\" width=\"48\" height=\"48\" viewBox=\"0 0 48 48\"><g transform=\"translate(-1490 -1714)\"><circle cx=\"24\" cy=\"24\" r=\"24\" transform=\"translate(1490 1714)\" fill=\"#00a3e0\"><\/circle><path d=\"M1686,414.4l10.4-10.4,10.4,10.4\" transform=\"translate(-182.4 1326.8)\" fill=\"none\" stroke=\"#fff\" stroke-linecap=\"round\" stroke-width=\"6\"><\/path><\/g><\/svg>                                        <\/span>\r\n                                    \r\n                                <\/span>\r\n                            \r\n                            <span class=\"bdt-title bdt-flex bdt-flex-middle\">\r\n\r\n                                                                Certificados y anexos                            <\/span>\r\n\r\n                        <\/div>\r\n                        <div class=\"bdt-accordion-content\">\r\n                            <p><a href=\"https:\/\/bertamartinez.org\/wp-content\/uploads\/2024\/06\/Acta-Nro.-22-Consejo-de-Familia.pdf\" target=\"_blank\" rel=\"noopener\">Acta Nro. 22 Consejo de Familia<\/a><\/p><p><a href=\"https:\/\/bertamartinez.org\/wp-content\/uploads\/2024\/06\/Certificacion-antecedentes-y-no-caducidad.pdf\" target=\"_blank\" rel=\"noopener\">Certificaci\u00f3n &#8211; Ausencia Judicial caducidad<\/a><\/p><p><a href=\"https:\/\/bertamartinez.org\/wp-content\/uploads\/2024\/06\/Certificacion-cumplimiento-requisitos.pdf\" target=\"_blank\" rel=\"noopener\">Certificaci\u00f3n -Cumplimiento Obligaciones<\/a><\/p><p><a href=\"https:\/\/bertamartinez.org\/wp-content\/uploads\/2024\/06\/Certificado_Existencia-y-Representacion-Legal.pdf\" target=\"_blank\" rel=\"noopener\">Certificado &#8211; Existencia y representaci\u00f3n legal<\/a><\/p><p><a href=\"https:\/\/bertamartinez.org\/wp-content\/uploads\/2024\/06\/Certificacion-cargos-gerenciales-directivos-y-control.pdf\" target=\"_blank\" rel=\"noopener\">Certificado &#8211; Cargos gerenciales y directivos<\/a><\/p><p><a href=\"https:\/\/bertamartinez.org\/wp-content\/uploads\/2024\/06\/Memoria-Economica-Ano-Gravable-2023.pdf\" target=\"_blank\" rel=\"noopener\">Memoria Econ\u00f3mica a\u00f1o 2023<\/a><\/p><p><a href=\"https:\/\/bertamartinez.org\/wp-content\/uploads\/2024\/06\/Rut-Fundacion-Berta-Martinez.pdf\" target=\"_blank\" rel=\"noopener\">RUT de la Fundaci\u00f3n Berta Mart\u00ednez<\/a><\/p>                        <\/div>\r\n                    <\/div>\r\n                            <\/div>\r\n        <\/div>\r\n\t\t\t\t<\/div>\n\t\t\t\t<\/div>\n\t\t\t\t\t<\/div>\n\t\t<\/div>\n\t\t\t\t<div class=\"elementor-column elementor-col-33 elementor-top-column elementor-element elementor-element-bdba7af\" data-id=\"bdba7af\" data-element_type=\"column\">\n\t\t\t<div class=\"elementor-widget-wrap\">\n\t\t\t\t\t\t\t<\/div>\n\t\t<\/div>\n\t\t\t\t\t<\/div>\n\t\t<\/section>\n\t\t\t\t<\/div>\n\t\t","protected":false},"excerpt":{"rendered":"<p>Informes Sociales En la Fundaci\u00f3n Berta Mart\u00ednez trabajamos para impactar el h\u00e1bitat como el lugar donde se aloja la vida. Conoce los resultados de nuestra gesti\u00f3n durante el 2023: Ver informe 2023 Informes a\u00f1os anteriores Informe 2023 Informe 2022 Informe 2021 Informe 2020 Cumplimiento legal Descarga aqu\u00ed toda la documentaci\u00f3n legal y tributaria. Solicitud R\u00e9gimen [&hellip;]<\/p>\n","protected":false},"author":8,"featured_media":0,"parent":0,"menu_order":0,"comment_status":"closed","ping_status":"closed","template":"","meta":{"_acf_changed":false,"_monsterinsights_skip_tracking":false,"_monsterinsights_sitenote_active":false,"_monsterinsights_sitenote_note":"","_monsterinsights_sitenote_category":0,"footnotes":""},"class_list":["post-3299","page","type-page","status-publish","hentry"],"acf":[],"aioseo_notices":[],"_links":{"self":[{"href":"https:\/\/bertamartinez.org\/desarrollo\/wp-json\/wp\/v2\/pages\/3299","targetHints":{"allow":["GET"]}}],"collection":[{"href":"https:\/\/bertamartinez.org\/desarrollo\/wp-json\/wp\/v2\/pages"}],"about":[{"href":"https:\/\/bertamartinez.org\/desarrollo\/wp-json\/wp\/v2\/types\/page"}],"author":[{"embeddable":true,"href":"https:\/\/bertamartinez.org\/desarrollo\/wp-json\/wp\/v2\/users\/8"}],"replies":[{"embeddable":true,"href":"https:\/\/bertamartinez.org\/desarrollo\/wp-json\/wp\/v2\/comments?post=3299"}],"version-history":[{"count":169,"href":"https:\/\/bertamartinez.org\/desarrollo\/wp-json\/wp\/v2\/pages\/3299\/revisions"}],"predecessor-version":[{"id":4760,"href":"https:\/\/bertamartinez.org\/desarrollo\/wp-json\/wp\/v2\/pages\/3299\/revisions\/4760"}],"wp:attachment":[{"href":"https:\/\/bertamartinez.org\/desarrollo\/wp-json\/wp\/v2\/media?parent=3299"}],"curies":[{"name":"wp","href":"https:\/\/api.w.org\/{rel}","templated":true}]}}